{"id":1498,"date":"2025-04-10T09:06:39","date_gmt":"2025-04-10T07:06:39","guid":{"rendered":"https:\/\/bell-edv.de\/?page_id=1498"},"modified":"2025-04-17T09:28:24","modified_gmt":"2025-04-17T07:28:24","slug":"leistungen","status":"publish","type":"page","link":"https:\/\/bell-edv.de\/de\/leistungen\/","title":{"rendered":"leistungen"},"content":{"rendered":"\n<p>Als Ihr vertrauensw\u00fcrdiger IT \/ EDV Berator bietet ich umfassende L\u00f6sungen f\u00fcr <b>PC- Laptop &#8211; Tablet \/ PC Hilfe<\/b> (mit Windows und MAC Betriebssystemen), Reparatur, PC Systemoptimierung, Wartung und mehr. Ich stehe Ihnen bei allen Fragen rund um Ihren PC samt Computerzubeh\u00f6r zur Seite und analysiere Probleme schnell und effektiv. Von der PC Diagnose, Reparatur und Wartung bis zur PC Aufr\u00fcstung und Virenschutz- \/ Malware-L\u00f6sungen, Pflege, Wartung, um die maximale Leistung aus Ihrem System herauszuholen.<\/p>\n\n\n\n<h2 class=\"wp-block-heading\" id=\"m12\">Meine Leistungen im \u00dcberblick:<\/h2>\n\n\n\n<ul class=\"wp-block-list\">\n<li>Ersteinrichtung von Telefon bzw. Internetanschl\u00fcssen<\/li>\n\n\n\n<li>Inbetriebnahme des Routers und Einrichtung des Heimnetzes (Smart TV, Smartphones, PC\/Notebook)\n<ul class=\"wp-block-list\">\n<li>Fritz!Box, Speedport, EasyBox etc.<\/li>\n\n\n\n<li>Repeater einrichten<\/li>\n\n\n\n<li>Mesh Netzwerk konfigurieren<\/li>\n\n\n\n<li>Telefone \u00fcber Dect einrichten<\/li>\n\n\n\n<li>Wlan Optimierung im 2,4GHz und 5GHz<\/li>\n<\/ul>\n<\/li>\n\n\n\n<li>Smart Home einrichten (schaltbare Steckdosen, Smarte Lautsprecher usw.)<\/li>\n\n\n\n<li>Netzwerkspeicher und Zugriff f\u00fcr Heimger\u00e4te einrichten<\/li>\n\n\n\n<li>Hardware Upgrade bei PCs \/ Notebooks zur Performance Steigerung<\/li>\n\n\n\n<li>Neuinstallation mit aktueller Version von Windows 10 bzw. 11 und Treibern (auf Wunsch mit Daten\u00fcbernahme)<\/li>\n\n\n\n<li>Datensicherung \/ Datenrettung bei Festplatten mit fehlerhaften Sektoren,  etc.<\/li>\n\n\n\n<li>Bereinigung von Malware\n<ul class=\"wp-block-list\">\n<li>infizierten Systemen (Neuinstallation wird generell empfohlen)<\/li>\n<\/ul>\n<\/li>\n\n\n\n<li>Datenl\u00f6schung mit anschlie\u00dfender Entsorgung Defekten Festplatten<\/li>\n\n\n\n<li>Daten\u00fcbernahme vom Bestandsger\u00e4t auf Neuger\u00e4t<\/li>\n\n\n\n<li>Beratung bei geplanter Ger\u00e4tneuanschaffung<\/li>\n\n\n\n<li>Webseiten&nbsp;\/ Homepage\n<ul class=\"wp-block-list\">\n<li>WordPress-Webseiten<\/li>\n\n\n\n<li>Responsives Design<\/li>\n\n\n\n<li>SEO-Optimierung<\/li>\n\n\n\n<li>Sicherheit und Wartung<\/li>\n<\/ul>\n<\/li>\n<\/ul>\n\n\n\n<p>Viele weiteren Dienstleistungen sind auf Anfrage selbstverst\u00e4ndlich m\u00f6glich! Vor jeder T\u00e4tigkeit erstelle ich generell eine grobe Kostenabsch\u00e4tzung, damit Sie im Vorfeld wissen, welcher Betrag am Ende in etwa f\u00e4llig sein wird.<br>Ich freue mich auf Ihre Anfrage!<\/p>\n\n\n\n<a href=\"\/kontakt\" class=\"hero2button\">Jetzt anfragen!<\/a>\n\n\n\n\n<p>&nbsp;<\/p>\n\n\n<div class=\"wp-block-image\">\n<figure class=\"aligncenter size-full\"><img loading=\"lazy\" decoding=\"async\" width=\"833\" height=\"108\" src=\"https:\/\/bell-edv.de\/wp-content\/uploads\/2025\/04\/logs_banner.png\" alt=\"\" class=\"wp-image-2855\" srcset=\"https:\/\/bell-edv.de\/wp-content\/uploads\/2025\/04\/logs_banner.png 833w, https:\/\/bell-edv.de\/wp-content\/uploads\/2025\/04\/logs_banner-300x39.png 300w, https:\/\/bell-edv.de\/wp-content\/uploads\/2025\/04\/logs_banner-768x100.png 768w, https:\/\/bell-edv.de\/wp-content\/uploads\/2025\/04\/logs_banner-18x2.png 18w\" sizes=\"auto, (max-width: 833px) 100vw, 833px\" \/><\/figure>\n<\/div>\n\n\n<p>&nbsp;<\/p>\n\n\n<p><a href=\"\/index.php#services\">Zur\u00fcck zu Meine Leistungen im \u00dcberblick:<\/a><\/p>\n\n","protected":false},"excerpt":{"rendered":"<p>Als Ihr vertrauensw\u00fcrdiger IT \/ EDV Berator bietet ich umfassende L\u00f6sungen f\u00fcr PC- Laptop &#8211; Tablet \/ PC Hilfe (mit Windows und MAC Betriebssystemen), Reparatur, PC Systemoptimierung, Wartung und mehr. &#8230;<\/p>\n","protected":false},"author":1,"featured_media":0,"parent":0,"menu_order":0,"comment_status":"closed","ping_status":"open","template":"","meta":{"pgc_sgb_lightbox_settings":"","footnotes":""},"class_list":["post-1498","page","type-page","status-publish","hentry"],"_links":{"self":[{"href":"https:\/\/bell-edv.de\/de\/wp-json\/wp\/v2\/pages\/1498","targetHints":{"allow":["GET"]}}],"collection":[{"href":"https:\/\/bell-edv.de\/de\/wp-json\/wp\/v2\/pages"}],"about":[{"href":"https:\/\/bell-edv.de\/de\/wp-json\/wp\/v2\/types\/page"}],"author":[{"embeddable":true,"href":"https:\/\/bell-edv.de\/de\/wp-json\/wp\/v2\/users\/1"}],"replies":[{"embeddable":true,"href":"https:\/\/bell-edv.de\/de\/wp-json\/wp\/v2\/comments?post=1498"}],"version-history":[{"count":0,"href":"https:\/\/bell-edv.de\/de\/wp-json\/wp\/v2\/pages\/1498\/revisions"}],"wp:attachment":[{"href":"https:\/\/bell-edv.de\/de\/wp-json\/wp\/v2\/media?parent=1498"}],"curies":[{"name":"wp","href":"https:\/\/api.w.org\/{rel}","templated":true}]}}