{"id":1768,"date":"2025-04-09T09:40:13","date_gmt":"2025-04-09T07:40:13","guid":{"rendered":"https:\/\/bell-edv.de\/?page_id=1768"},"modified":"2026-04-10T09:23:58","modified_gmt":"2026-04-10T07:23:58","slug":"impressum","status":"publish","type":"page","link":"https:\/\/bell-edv.de\/de\/impressum\/","title":{"rendered":"Impressum"},"content":{"rendered":"\n<h3><strong>Bell IT \/ EDV Consulting<\/strong><\/h3>\n<p><span style=\"color: #5c5c5b; ont-family: Calibri; font-size: 12pt;\"> <br \/>Stephen J. Bell<\/span><\/p>\n<p><span style=\"font-family: Calibri; font-size: 11pt;\"><span style=\"color: #5c5c5b; ont-family: Calibri; font-size: 12pt;\"><strong>Postanschrift:<\/strong> <\/span> <br \/><span style=\"color: #767171;\"> <span style=\"color: #44546a; font-family: Calibri; font-size: 10pt;\">Im Assing 11<\/span> <br \/><\/span><\/span><span style=\"font-family: Calibri; font-size: 11pt;\"><span style=\"color: #767171;\"><span style=\"color: #44546a; font-family: Calibri; font-size: 10pt;\">91097 Oberreichenbach<\/span><\/span><\/span><\/p>\n<p><span style=\"font-family: Calibri; font-size: 11pt;\"><span style=\"color: #767171;\"><span style=\"color: #44546a; font-family: Calibri; font-size: 10pt;\"><span style=\"color: #5c5c5b; ont-family: Calibri; font-size: 12pt;\"><strong>Kontakt:<\/strong><\/span><br \/><br \/><strong>Fax:<\/strong> 09104 8269280 <br \/><strong>E-Mail:<\/strong> <!--CTX!--><span rel=\"8b312330c2312c31a331273188312531b8311f31ae311930b0311231b4310b3097313131\" class=\"cryptex \" style=\"\"><span class=\"CryptexImg ctxYOZXJvPsj4ExqlZik6YwkUOM7IZb45JRMoX7HGJoXdg\"><\/span><span class=\"divider\" style=\"\">{at}<\/span><span class=\"CryptexImg ctxe5mpXCFk79fQo-LVxaKGGVpIUCUAo51n6oyfvRawJzg\"><\/span><span class=\"divider\" style=\"\">.<\/span><span class=\"CryptexImg ctx_2gPqMi_J8SKI1k5V300xbjKjaueiarLXdk4hgL2imE\"><\/span><\/span><!--\/CTX!--> <br \/><\/span><\/span> <br \/><\/span><\/p>\n<h3>Rechtliche Hinweise:<\/h3>\n<br \/>\n<h5>1. Inhalt des Onlineangebotes:<\/h5><p>\nDer Autor &uuml;bernimmt keinerlei Gew&auml;hr f&uuml;r   die Aktualit&auml;t, Korrektheit, Vollst&auml;ndigkeit oder Qualit&auml;t der bereitgestellten   Informationen. Haftungsanspr&uuml;che gegen den Autor, die sich auf Sch&auml;den   materieller oder ideeller Art beziehen, welche durch die Nutzung oder   Nichtnutzung der dargebotenen Informationen bzw. durch die Nutzung fehlerhafter   und unvollst&auml;ndiger Informationen verursacht wurden sind grunds&auml;tzlich   ausgeschlossen, sofern seitens des Autors kein nachweislich vors&auml;tzliches oder   grob fahrl&auml;ssiges Verschulden vorliegt. Alle Angebote sind freibleibend und   unverbindlich. Der Autor beh&auml;lt es sich ausdr&uuml;cklich vor, Teile der Seiten oder   das gesamte Angebot ohne gesonderte Ank&uuml;ndigung zu ver&auml;ndern, zu erg&auml;nzen, zu   l&ouml;schen oder die Ver&ouml;ffentlichung zeitweise oder endg&uuml;ltig einzustellen.<br \/>\n<\/p><br \/>\n<h5>2. Verweise und Links:<\/h5><p>\nSofern auf Verweisziele (&quot;Links&quot;) direkt oder   indirekt verwiesen wird, die au&szlig;erhalb des Verantwortungsbereiches des Autors   liegen, haftet dieser nur dann, wenn er von den Inhalten Kenntnis hat und es ihm   technisch m&ouml;glich und zumutbar w&auml;re, die Nutzung im Falle rechtswidriger Inhalte   zu verhindern. F&uuml;r dar&uuml;ber hinausgehende Inhalte und insbesondere f&uuml;r Sch&auml;den,   die aus der Nutzung oder Nichtnutzung solcherart dargebotener Informationen   entstehen, haftet allein der Anbieter dieser Seiten, nicht derjenige, der &uuml;ber   Links auf die jeweilige Ver&ouml;ffentlichung lediglich verweist. Diese Einschr&auml;nkung   gilt gleicherma&szlig;en auch f&uuml;r Fremdeintr&auml;ge in vom Autor eingerichteten   G&auml;steb&uuml;chern, Diskussionsforen und Mailinglisten.<br \/>\n<br \/>\n<h5>3. Urheberrecht:<\/h5><p>\nDer Autor ist bestrebt, in allen Publikationen die   Urheberrechte der verwendeten Grafiken, Sounds und Texte zu beachten, von ihm   selbst erstellte Grafiken, Sounds und Texte zu nutzen oder auf lizenzfreie   Grafiken, Sounds und Texte zur&uuml;ckzugreifen. Sollte sich auf den jeweiligen   Seiten dennoch eine ungekennzeichnete, aber durch fremdes Copyright gesch&uuml;tzte   Grafik, ein Sound oder Text befinden, so konnte das Copyright vom Autor nicht   festgestellt werden. Im Falle einer solchen unbeabsichtigten Copyrightverletzung   wird der Autor das entsprechende Objekt nach Benachrichtigung aus seiner   Publikation entfernen bzw. mit dem entsprechenden Copyright kenntlich machen.   Das Copyright f&uuml;r ver&ouml;ffentlichte, vom Autor selbst erstellte Objekte bleibt   allein beim Autor der Seiten. Eine Vervielf&auml;ltigung oder Verwendung solcher   Grafiken, Sounds oder Texte in anderen elektronischen oder gedruckten   Publikationen ist ohne ausdr&uuml;ckliche Zustimmung des Autors nicht   gestattet.<br \/>\n<br \/><\/p>\n<h5>4. Rechtswirksamkeit dieses Haftungsausschlusses:<\/h5><p>\nDieser   Haftungsausschluss ist als Teil des Internetangebotes zu betrachten, von dem aus   auf diese Seite verwiesen wurde. Sofern Teile oder einzelne Formulierungen   dieses Textes der geltenden Rechtslage nicht, nicht mehr oder nicht vollst&auml;ndig   entsprechen sollten, bleiben die &uuml;brigen Teile des Dokumentes in ihrem Inhalt   und ihrer G&uuml;ltigkeit davon unber&uuml;hrt.\n<\/p>\n\n\n\n<h3 class=\"wp-block-heading\">Informationen zur Online-Streitbeilegung<\/h3>\n\n\n\n<p>Die EU-Kommission stellt zur au\u00dfergerichtlichen Beilegung von Streitigkeiten, die sich aus online get\u00e4tigten K\u00e4ufen ergeben k\u00f6nnen, eine Internetplattform zur Verf\u00fcgung. Verbrauchern gibt dies die M\u00f6glichkeit, Streitigkeiten im Zusammenhang mit einer Online-Bestellung zun\u00e4chst ohne die Einschaltung eines Gerichts zu kl\u00e4ren. Die Plattform ist unter dem Link\u00a0<a href=\"https:\/\/ec.europa.eu\/consumers\/odr\/\" target=\"_blank\" rel=\"noreferrer noopener\">https:\/\/ec.europa.eu\/consumers\/odr\/<\/a>\u00a0erreichbar. In diesem Zusammenhang sind wir gesetzlich verpflichtet, Sie auf unsere E-Mailadresse hinzuweisen. Diese lautet:\u00a0<a href=\"https:\/\/bell-edv.de\/kontakt\/?mailer_id=feab38f\"><!--CTX!--><span rel=\"8b312330a2312c31a331273188312531b8311f31ae311930b0311231b4310b3097313131\" class=\"cryptex \" style=\"\"><span class=\"CryptexImg ctx7Owf_DtqLATXhlskU5WhdWUG9R63ZFvyoTfsJpgU5U4\"><\/span><span class=\"divider\" style=\"\">{at}<\/span><span class=\"CryptexImg ctxe5mpXCFk79fQo-LVxaKGGVpIUCUAo51n6oyfvRawJzg\"><\/span><span class=\"divider\" style=\"\">.<\/span><span class=\"CryptexImg ctx_2gPqMi_J8SKI1k5V300xbjKjaueiarLXdk4hgL2imE\"><\/span><\/span><!--\/CTX!--><\/a>\u00a0Wir sind zu einer Teilnahme an einem Schlichtungsverfahren weder bereit noch verpflichtet.<\/p>\n\n\n\n<p><\/p>\n","protected":false},"excerpt":{"rendered":"<p>Bell IT \/ EDV Consulting Stephen J. Bell Postanschrift: Im Assing 11 91097 Oberreichenbach Kontakt: Fax: 09104 8269280 E-Mail: {at}. Rechtliche Hinweise: 1. Inhalt des Onlineangebotes: Der Autor &uuml;bernimmt keinerlei &#8230;<\/p>\n","protected":false},"author":1,"featured_media":0,"parent":0,"menu_order":0,"comment_status":"closed","ping_status":"closed","template":"","meta":{"pgc_sgb_lightbox_settings":"","footnotes":""},"class_list":["post-1768","page","type-page","status-publish","hentry"],"_links":{"self":[{"href":"https:\/\/bell-edv.de\/de\/wp-json\/wp\/v2\/pages\/1768","targetHints":{"allow":["GET"]}}],"collection":[{"href":"https:\/\/bell-edv.de\/de\/wp-json\/wp\/v2\/pages"}],"about":[{"href":"https:\/\/bell-edv.de\/de\/wp-json\/wp\/v2\/types\/page"}],"author":[{"embeddable":true,"href":"https:\/\/bell-edv.de\/de\/wp-json\/wp\/v2\/users\/1"}],"replies":[{"embeddable":true,"href":"https:\/\/bell-edv.de\/de\/wp-json\/wp\/v2\/comments?post=1768"}],"version-history":[{"count":0,"href":"https:\/\/bell-edv.de\/de\/wp-json\/wp\/v2\/pages\/1768\/revisions"}],"wp:attachment":[{"href":"https:\/\/bell-edv.de\/de\/wp-json\/wp\/v2\/media?parent=1768"}],"curies":[{"name":"wp","href":"https:\/\/api.w.org\/{rel}","templated":true}]}}