{"id":1803,"date":"2025-04-09T13:54:16","date_gmt":"2025-04-09T11:54:16","guid":{"rendered":"https:\/\/bell-edv.ddns.net\/?page_id=1803"},"modified":"2025-04-16T12:55:07","modified_gmt":"2025-04-16T10:55:07","slug":"dachinspektion-mit-drohne","status":"publish","type":"page","link":"https:\/\/bell-edv.de\/de\/dachinspektion-mit-drohne\/","title":{"rendered":"Dachinspektion mit Drohne"},"content":{"rendered":"\n<p>Die Dachinspektion mittels Drohne wird immer beliebter. Abh\u00e4ngig von der H\u00f6he und der Bauform des Geb\u00e4udes k\u00f6nnen mittels der Drohnentechnologie viele Arbeiten nicht nur sicherer, sondern auch deutlich schneller und komfortabler durchgef\u00fchrt werden. Die Dachinspektion mittels Drohnentechnik erm\u00f6glicht eine pr\u00e4zise und effiziente Inspektion von D\u00e4chern, um potenzielle Sch\u00e4den schnell zu erkennen.<\/p>\n\n\n\n<figure class=\"wp-block-video\"><video controls muted controlsList=\"nodownload\" poster=\"https:\/\/bell-edv.de\/wp-content\/uploads\/2025\/04\/PTSC_04622-300x150.jpg\" src=\"https:\/\/bell-edv.de\/wp-content\/uploads\/2025\/04\/1744784061143331.mp4\" playsinline><\/video><\/figure>\n\n\n\n<h2 class=\"wp-block-heading\">Einsatzbereiche von Drohnen bei der Dachinspektion<\/h2>\n\n\n\n<p>Drohnen k\u00f6nnen bei der&nbsp;Dachinspektion&nbsp;der unterschiedlichsten Geb\u00e4ude eingesetzt werden. Aufgrund der hohen Flugh\u00f6hen und der guten Stabilisierung im Flug k\u00f6nnen Drohnen nicht nur bei Ein- oder Mehrfamilienh\u00e4usern eingesetzt werden, sondern sind auch bei historischen Geb\u00e4uden und Kirchen im Einsatz, um deren D\u00e4cher zu kontrollieren und f\u00fcr die notwendigen Kontrollen zu sorgen. Je h\u00f6her ein Geb\u00e4ude ist und je un\u00fcbersichtlicher der Dachaufbau, umso st\u00e4rker rentiert sich der Einsatz der Drohne. Daher setzen sowohl Privatpersonen als auch Unternehmen immer h\u00e4ufiger auf die Dachinspektion mittels Drohne, da sich somit kosteng\u00fcnstig und vor allem schnell, die gew\u00fcnschten Inspektionen durchf\u00fchren lassen.<\/p>\n\n\n\n<h2 class=\"wp-block-heading\">Warum \u00fcberhaupt eine Drohne einsetzen?<\/h2>\n\n\n\n<p>Selbstverst\u00e4ndlich stellen sich viele Kunden die Frage, warum \u00fcberhaupt auf die Hilfe von Drohnen zur\u00fcckgegriffen wird, wenn viele Jahrzehnte lang die Dachinspektionen auch ohne diese Hilfsmittel erledigt werden konnten. Eine berechtigte Frage, die sich allerdings sehr einfach beantworten l\u00e4sst. Denn eine Dachinspektion mittels Drohne ist mit deutlich weniger personellem Aufwand und mit deutlich geringeren Gefahren verbunden und somit f\u00fcr die Unternehmen und auch f\u00fcr die Kunden viel wirtschaftlicher. Denn eine Dachinspektion durch die Fachkraft direkt vor Ort ist h\u00e4ufig mit enormem Aufwand verbunden. Bei kleinen Einfamilienh\u00e4usern mag dieser Aufwand noch moderat erscheinen, da beispielsweise der Weg zum Dach und die Sicherung der Arbeiter unkompliziert erscheint, doch bei Mehrfamilienh\u00e4usern und anderen Geb\u00e4uden w\u00e4chst der Aufwand enorm an. Daher wird die Dachinspektion mittels Drohne immer beliebter und geh\u00f6rt mittlerweile zu den g\u00e4ngigen Mitteln, die&nbsp;Zimmerer und Dachdecker&nbsp;anwenden, um ohne Gefahr eine umfassende Inspektion der D\u00e4cher und der Aufbauten durchf\u00fchren zu k\u00f6nnen.&nbsp;<\/p>\n\n\n\n<h2 class=\"wp-block-heading\">Die Kosten im \u00dcberblick<\/h2>\n\n\n\n<p>Leider k\u00f6nnen die Kosten f\u00fcr eine Dachinspektion mittels Drohne nicht exakt beziffert werden. Denn es h\u00e4ngt von vielen unterschiedlichen Faktoren ab, welche den Preis entsprechend des Arbeitsaufwands beeinflussen k\u00f6nnen. Sowohl die Lage der Immobilie als auch deren Gr\u00f6\u00dfe und deren H\u00f6he spielen eine wichtige Rolle. Auch die&nbsp;Form des Daches&nbsp;und die verschiedenen Dachaufbauten m\u00fcssen bei einer Kostenkalkulation ber\u00fccksichtigt werden. Daher ist eine pauschale Kostenangabe nicht m\u00f6glich und nicht seri\u00f6s.&nbsp;<\/p>\n\n\n\n<h2 class=\"wp-block-heading\">Die Vorteile des Drohneneinsatzes<\/h2>\n\n\n\n<p>Die Drohnen-Dachinspektion bietet eine effiziente und sichere Methode zur \u00dcberpr\u00fcfung von D\u00e4chern, sowohl f\u00fcr private als auch gewerbliche Geb\u00e4ude. Sie dient der fr\u00fchzeitigen Erkennung von Sch\u00e4den, der Bewertung des Zustands und der Planung von Wartungs- oder Reparaturma\u00dfnahmen.<\/p>\n\n\n\n<ul class=\"wp-block-list\">\n<li><strong>Zeit- und kosteneffizient:<\/strong>&nbsp;Reduziert den Zeitaufwand und die Kosten im Vergleich zu herk\u00f6mmlichen Inspektionsmethoden wie manuelle Begehungen oder den Einsatz von Hubarbeitsb\u00fchnen.<\/li>\n\n\n\n<li><strong>Sicherheit:<\/strong>&nbsp;Eliminiert das Risiko f\u00fcr Inspektoren, die auf D\u00e4cher klettern oder gef\u00e4hrliche H\u00f6hen erreichen m\u00fcssen.<\/li>\n\n\n\n<li><img loading=\"lazy\" decoding=\"async\" width=\"150\" height=\"51\" class=\"wp-image-2269\" style=\"width: 150px;\" src=\"https:\/\/bell-edv.de\/wp-content\/uploads\/2025\/04\/EASA_Logo.svg_.png\" alt=\"\" srcset=\"https:\/\/bell-edv.de\/wp-content\/uploads\/2025\/04\/EASA_Logo.svg_.png 1200w, https:\/\/bell-edv.de\/wp-content\/uploads\/2025\/04\/EASA_Logo.svg_-300x103.png 300w, https:\/\/bell-edv.de\/wp-content\/uploads\/2025\/04\/EASA_Logo.svg_-1024x350.png 1024w, https:\/\/bell-edv.de\/wp-content\/uploads\/2025\/04\/EASA_Logo.svg_-768x262.png 768w, https:\/\/bell-edv.de\/wp-content\/uploads\/2025\/04\/EASA_Logo.svg_-18x6.png 18w, https:\/\/bell-edv.de\/wp-content\/uploads\/2025\/04\/EASA_Logo.svg_-20x7.png 20w\" sizes=\"auto, (max-width: 150px) 100vw, 150px\" \/><\/li>\n\n\n\n<li><strong>Detailgenaue Bilder und Videos:<\/strong>&nbsp;Hochaufl\u00f6sende Kameras an Bord der Drohnen liefern detaillierte Bilder und Videos, die eine genaue Analyse des Dachzustands erm\u00f6glichen.<\/li>\n\n\n\n<li><strong>Zug\u00e4nglichkeit:<\/strong>&nbsp;Erm\u00f6glicht die Inspektion schwer zug\u00e4nglicher Bereiche wie Dachfirste, Kaminsch\u00e4chte oder Dachrinnen.<\/li>\n\n\n\n<li><strong>Dokumentation:<\/strong>&nbsp;Bietet eine umfassende Dokumentation des Inspektionsprozesses, einschlie\u00dflich der Identifizierung von Sch\u00e4den und potenziellen Risiken.<\/li>\n<\/ul>\n\n\n\n<p><strong>\u201eUnsere Drohne l\u00e4sst kein Detail unentdeckt\u201c<\/strong> <\/p>\n\n\n\n<a href=\"\/kontakt-luftaufnahmen\" class=\"hero1button\">Jetzt anfragen!<\/a>\n\n\n\n<p><\/br><p><a href=\"\/index.php#services\">Zur\u00fcck zu Meine Leistungen im \u00dcberblick:<\/a><\/p>\n<\/p>\n","protected":false},"excerpt":{"rendered":"<p>Die Dachinspektion mittels Drohne wird immer beliebter. Abh\u00e4ngig von der H\u00f6he und der Bauform des Geb\u00e4udes k\u00f6nnen mittels der Drohnentechnologie viele Arbeiten nicht nur sicherer, sondern auch deutlich schneller und &#8230;<\/p>\n","protected":false},"author":1,"featured_media":0,"parent":0,"menu_order":0,"comment_status":"closed","ping_status":"closed","template":"","meta":{"pgc_sgb_lightbox_settings":"","footnotes":""},"class_list":["post-1803","page","type-page","status-publish","hentry"],"_links":{"self":[{"href":"https:\/\/bell-edv.de\/de\/wp-json\/wp\/v2\/pages\/1803","targetHints":{"allow":["GET"]}}],"collection":[{"href":"https:\/\/bell-edv.de\/de\/wp-json\/wp\/v2\/pages"}],"about":[{"href":"https:\/\/bell-edv.de\/de\/wp-json\/wp\/v2\/types\/page"}],"author":[{"embeddable":true,"href":"https:\/\/bell-edv.de\/de\/wp-json\/wp\/v2\/users\/1"}],"replies":[{"embeddable":true,"href":"https:\/\/bell-edv.de\/de\/wp-json\/wp\/v2\/comments?post=1803"}],"version-history":[{"count":0,"href":"https:\/\/bell-edv.de\/de\/wp-json\/wp\/v2\/pages\/1803\/revisions"}],"wp:attachment":[{"href":"https:\/\/bell-edv.de\/de\/wp-json\/wp\/v2\/media?parent=1803"}],"curies":[{"name":"wp","href":"https:\/\/api.w.org\/{rel}","templated":true}]}}