{"id":22,"date":"2016-02-12T08:11:05","date_gmt":"2016-02-12T08:11:05","guid":{"rendered":"http:\/\/demos.famethemes.com\/onepress-plus\/?page_id=22"},"modified":"2025-04-17T09:22:02","modified_gmt":"2025-04-17T07:22:02","slug":"mich","status":"publish","type":"page","link":"https:\/\/bell-edv.de\/de\/mich\/","title":{"rendered":"\u00dcber mich:"},"content":{"rendered":"<p>Als Fachinformatiker f\u00fcr Systemintegration mit mittlerweile 20 Jahren Berufserfahrung (ISO 27001 ISO9001 und Datenschutz) biete ich meine Erfahrung nun nebenberuflich an, um anderen im Raum Erlangen, Herzogenaurach, F\u00fcrth und N\u00fcrnberg zu helfen.<\/p>\n<p>Gerne beantworte ich Ihre Fragen rund um die IT-Welt. Wenn ich nicht vor Ort eingreifen muss, kann ich viele St\u00f6rungen per Fernwartung sofort und kosteng\u00fcnstig beheben.<\/p>\n<p>Durch meine langj\u00e4hrige Erfahrung bin ich Ihr kompetenter Ansprechpartner f\u00fcr Computerprobleme. Ich lege Wert auf serviceorientierte Leistungen und die individuelle Betreuung meiner Kunden. Bei allen Fragen und Problemen stehe ich Ihnen somit stets zur Seite. Dabei denke ich nicht nur in der Gegenwart, sondern blicke vorausschauend auf die Zukunftsf\u00e4higkeit Ihrer EDV. Ich setze auf Produkte und Dienstleistungen in bestm\u00f6glicher Qualit\u00e4t und zu fairen Konditionen.<\/p>\n\n\n<p>Mein Ziel ist es, Ihnen eine umfassende und&nbsp;<strong>passgenaue IT-Betreuung<\/strong>&nbsp;anzubieten, die Ihren individuellen Anforderungen gerecht wird. Egal ob Sie Unterst\u00fctzung bei der Wartung Ihrer Ger\u00e4te ben\u00f6tigen, Hilfe bei der Fehlerbehebung oder Beratung zu Virenschutz, Ger\u00e4ten und Netzwerken. Ich bin f\u00fcr Sie da und berate Sie gern.<\/p>\n\n\n\n<p>Bei &nbsp;<strong>Bell IT \/ EDV Consulting<\/strong> wei\u00df ich um die Bedeutung einer reibungslos funktionierenden IT. Daher biete ich Ihnen nicht nur eine schnelle und&nbsp;<strong>zuverl\u00e4ssige Fehlerbehebung<\/strong>&nbsp;an, sondern auch eine&nbsp;<strong>umfassende Beratung<\/strong>&nbsp;zur Verbesserung der Leistung und Sicherheit Ihrer Systeme.<\/p>\n\n\n\n<p>Kontaktieren Sie mich noch heute und lassen Sie sich von einem Experten unterst\u00fctzen. Ich freu mich darauf, Ihnen zu helfen und Sie nicht nur einmalig, sondern langfristig zu unterst\u00fctzen!<\/p>\n\n\n\n<a href=\"\/kontakt\" class=\"hero2button\">Jetzt Kontaktieren!<\/a>\n\n\n\n<p><\/p>\n\n\n\n<p><\/br>\n<center>&emsp;\n<img decoding=\"async\" src=\"\/wp-content\/uploads\/2025\/04\/logs_banner.png\"width=\"800\" height=\"110\" \/> \n\n<\/center>\n  <\/p>\n\n\n\n<p><\/p>\n","protected":false},"excerpt":{"rendered":"<p>Nullam ut tempor eros. Donec faucibus, velit et imperdiet aliquam, lacus velit luctus urna, vitae porttitor orci libero id felis.<\/p>\n","protected":false},"author":1,"featured_media":0,"parent":0,"menu_order":0,"comment_status":"closed","ping_status":"closed","template":"","meta":{"pgc_sgb_lightbox_settings":"","footnotes":""},"class_list":["post-22","page","type-page","status-publish","hentry"],"_links":{"self":[{"href":"https:\/\/bell-edv.de\/de\/wp-json\/wp\/v2\/pages\/22","targetHints":{"allow":["GET"]}}],"collection":[{"href":"https:\/\/bell-edv.de\/de\/wp-json\/wp\/v2\/pages"}],"about":[{"href":"https:\/\/bell-edv.de\/de\/wp-json\/wp\/v2\/types\/page"}],"author":[{"embeddable":true,"href":"https:\/\/bell-edv.de\/de\/wp-json\/wp\/v2\/users\/1"}],"replies":[{"embeddable":true,"href":"https:\/\/bell-edv.de\/de\/wp-json\/wp\/v2\/comments?post=22"}],"version-history":[{"count":0,"href":"https:\/\/bell-edv.de\/de\/wp-json\/wp\/v2\/pages\/22\/revisions"}],"wp:attachment":[{"href":"https:\/\/bell-edv.de\/de\/wp-json\/wp\/v2\/media?parent=22"}],"curies":[{"name":"wp","href":"https:\/\/api.w.org\/{rel}","templated":true}]}}