{"id":23,"date":"2016-02-12T08:12:49","date_gmt":"2016-02-12T08:12:49","guid":{"rendered":"http:\/\/demos.famethemes.com\/onepress-plus\/?page_id=23"},"modified":"2025-11-12T10:14:19","modified_gmt":"2025-11-12T09:14:19","slug":"service-1","status":"publish","type":"page","link":"https:\/\/bell-edv.de\/de\/service-1\/","title":{"rendered":"Hardware und Peripherie"},"content":{"rendered":"<p><strong>Hardware und Peripherieger\u00e4te<\/strong> sind wichtige Bestandteile eines jeden PCs bzw. Computersystems. Sie erm\u00f6glichen es, Daten zu speichern, zu verarbeiten und zu \u00fcbertragen. Egal, ob Sie Ihre Ger\u00e4te privat oder gesch\u00e4ftlich nutzen, ich bieten Ihnen eine breite Palette an Hardware- und Peripherieger\u00e4ten an, die Ihren individuellen Anforderungen entsprechen. Meiner Ziel ist es, Ihnen hochwertige Hardware- und Peripherieger\u00e4te zu einem erschwinglichen Preis anzubieten. Auf Wunsch tauschen ich auch Ihre alte Hardware und die in die Zeit gekommene oder Peripherieger\u00e4te mit aktuellen Modellen aus. Wenn Sie Fragen haben oder weitere Informationen ben\u00f6tigen, kontaktieren Sie mich.<\/p>\n\n\n<h3 class=\"wp-block-heading\">Neuger\u00e4teeinrichtung<\/h3>\n\n\n\n<p>Ger\u00e4te wie Computer, Laptop, Tablet oder Handy professionell einrichten lassen? Bell IT \/ EDV Consulting \u00fcbernimmt die kompetente Ersteinrichtung von Endger\u00e4ten f\u00fcr Sie.<\/p>\n\n\n\n<h3 class=\"wp-block-heading\">Drucker-Installation<\/h3>\n\n\n\n<p>Drucker anschlie\u00dfen, Treiber installieren, Einstellungen konfigurieren und die reibungslose Funktion testen \u2013 Bell IT \/ EDV Consulting \u00fcbernimmt die Installation.<\/p>\n\n\n\n<h3 class=\"wp-block-heading\">PC-Aufr\u00fcstung<\/h3>\n\n\n\n<p>Sie ben\u00f6tigen mehr Speicherplatz oder Arbeitsspeicher? Wenn Sie mehr Power durch neue Hardware-Komponenten f\u00fcr Ihr privates Endger\u00e4t w\u00fcnschen, sind Sie bei uns richtig.<\/p>\n\n\n\n<a href=\"\/index.php#services\">Zur\u00fcck zu Meine Leistungen im \u00dcberblick:<\/a>\n","protected":false},"excerpt":{"rendered":"<p>Hardware und Peripherieger\u00e4te sind wichtige Bestandteile eines jeden PCs bzw. Computersystems. Sie erm\u00f6glichen es, Daten zu speichern, zu verarbeiten und zu \u00fcbertragen. Egal, ob Sie Ihre Ger\u00e4te privat oder gesch\u00e4ftlich nutzen, ich bieten Ihnen eine breite Palette an Hardware- und Peripherieger\u00e4ten an, die Ihren individuellen Anforderungen entsprechen.<\/p>\n","protected":false},"author":1,"featured_media":0,"parent":0,"menu_order":0,"comment_status":"closed","ping_status":"closed","template":"","meta":{"pgc_sgb_lightbox_settings":"","footnotes":""},"class_list":["post-23","page","type-page","status-publish","hentry"],"_links":{"self":[{"href":"https:\/\/bell-edv.de\/de\/wp-json\/wp\/v2\/pages\/23","targetHints":{"allow":["GET"]}}],"collection":[{"href":"https:\/\/bell-edv.de\/de\/wp-json\/wp\/v2\/pages"}],"about":[{"href":"https:\/\/bell-edv.de\/de\/wp-json\/wp\/v2\/types\/page"}],"author":[{"embeddable":true,"href":"https:\/\/bell-edv.de\/de\/wp-json\/wp\/v2\/users\/1"}],"replies":[{"embeddable":true,"href":"https:\/\/bell-edv.de\/de\/wp-json\/wp\/v2\/comments?post=23"}],"version-history":[{"count":0,"href":"https:\/\/bell-edv.de\/de\/wp-json\/wp\/v2\/pages\/23\/revisions"}],"wp:attachment":[{"href":"https:\/\/bell-edv.de\/de\/wp-json\/wp\/v2\/media?parent=23"}],"curies":[{"name":"wp","href":"https:\/\/api.w.org\/{rel}","templated":true}]}}