{"id":24,"date":"2016-02-12T08:13:06","date_gmt":"2016-02-12T08:13:06","guid":{"rendered":"http:\/\/demos.famethemes.com\/onepress-plus\/?page_id=24"},"modified":"2025-04-10T21:24:16","modified_gmt":"2025-04-10T19:24:16","slug":"service-2","status":"publish","type":"page","link":"https:\/\/bell-edv.de\/de\/service-2\/","title":{"rendered":"Anwendungseinrichtung und Softwarel\u00f6sung"},"content":{"rendered":"<p>Ich biete Ihnen eine breite Palette an <strong>Softwarel\u00f6sungen<\/strong> an, die auf Ihre individuellen Bed\u00fcrfnisse zugeschnitten sind. Nach abspr\u00e4che \u00fcbernehmen ich die <strong>Beschaffung und Einrichtung von passgenauer Software<\/strong>\u00a0f\u00fcr Ihren individuellen Bedarf und passgenauen Anwendungen f\u00fcr Ihre Endger\u00e4te und IT-Systeme.<\/p>\n<p>Ob Sie nun ein privater oder ein gesch\u00e4ftlicher Kunde sind, ich biete Ihnen eine Vielzahl an Softwarel\u00f6sungen, die Ihren Anforderungen entsprechen. Ich helfen Ihnen nicht nur bei der <strong>Auswahl der richtigen Anwendungssoftware<\/strong>, sondern \u00fcbernehmen auch die\u00a0<strong>Installation und Konfiguration<\/strong>. Zudem bieten ich Schulungen und Support an, um sicherzustellen, dass Sie das Beste aus Ihrer neuen Software herausholen k\u00f6nnen.<\/p>\n<p>Wenn Sie weitere Fragen haben oder spezifische Informationen ben\u00f6tigen, stehen ich Ihnen gern zur Verf\u00fcgung.\u00a0<\/p>\n<h3>Services zur Anwendungen und Software<\/h3>\n<p>Ich beraten Sie zu einer Software, die das kann, was Sie brauchen und mit Ihrem System kompatibel ist und richten sie kompetent ein.<\/p>\n<h3>Passwortmanager<\/h3>\n<p>Mit einem Passwortmanager behalten Sie den \u00dcberblick \u00fcber Online-Konten und zugeh\u00f6rige Passw\u00f6rter und hinterlegen diese in einem sicheren Tool.<\/p>\n<h3>E-Mail-Services<\/h3>\n<p>Lassen Sie sich ein geeignetes E-Mail-Konto einrichten und individuell konfigurieren. Ich k\u00fcmmere mich um individuelle E-Mail-Adressen und die Ger\u00e4te-Synchronisation.<\/p>\n\n\n<h3 class=\"wp-block-heading\">Telefonanlage installieren<\/h3>\n\n\n\n<p>Ich \u00fcbernehmen f\u00fcr Sie nach absprache die Beschaffung und Einrichtung einer passenden Telefonanlage und binden sie mit vorhandenen Telefonnummern optimal in Ihr Netzwerk ein.<\/p>\n\n\n\n<h3 class=\"wp-block-heading\">Windows-Installation<\/h3>\n\n\n\n<p>Ob Update, Upgrade oder neue Betriebssystem-Installation: Ich \u00fcbernehme  die fachgerechte Installation der geeigneten Windows-Edition f\u00fcr Sie!<\/p>\n\n\n\n<h3 class=\"wp-block-heading\">Nicht gefunden, wonach Sie suchen?<\/h3>\n\n\n\n<p>Viele weiteren Dienstleistungen sind auf Anfrage selbstverst\u00e4ndlich m\u00f6glich! Vor jeder T\u00e4tigkeit erstelle ich generell eine grobe Kostenabsch\u00e4tzung, damit Sie im Vorfeld wissen, welcher Betrag am Ende in etwa f\u00e4llig sein wird.<br>Ich freue mich auf Ihre Anfrage!<\/p>\n\n\n\n<a href=\"\/index.php#services\">Zur\u00fcck zu Meine Leistungen im \u00dcberblick:<\/a>\n","protected":false},"excerpt":{"rendered":"<p>Ich biete Ihnen eine breite Palette an Softwarel\u00f6sungen an, die auf Ihre individuellen Bed\u00fcrfnisse zugeschnitten sind. Nach abspr\u00e4che \u00fcbernehmen ich die Beschaffung und Einrichtung von passgenauer Software\u00a0f\u00fcr Ihren individuellen Bedarf und passgenauen Anwendungen f\u00fcr Ihre Endger\u00e4te und IT-Systeme.<\/p>\n","protected":false},"author":1,"featured_media":0,"parent":0,"menu_order":0,"comment_status":"closed","ping_status":"closed","template":"","meta":{"pgc_sgb_lightbox_settings":"","footnotes":""},"class_list":["post-24","page","type-page","status-publish","hentry"],"_links":{"self":[{"href":"https:\/\/bell-edv.de\/de\/wp-json\/wp\/v2\/pages\/24","targetHints":{"allow":["GET"]}}],"collection":[{"href":"https:\/\/bell-edv.de\/de\/wp-json\/wp\/v2\/pages"}],"about":[{"href":"https:\/\/bell-edv.de\/de\/wp-json\/wp\/v2\/types\/page"}],"author":[{"embeddable":true,"href":"https:\/\/bell-edv.de\/de\/wp-json\/wp\/v2\/users\/1"}],"replies":[{"embeddable":true,"href":"https:\/\/bell-edv.de\/de\/wp-json\/wp\/v2\/comments?post=24"}],"version-history":[{"count":0,"href":"https:\/\/bell-edv.de\/de\/wp-json\/wp\/v2\/pages\/24\/revisions"}],"wp:attachment":[{"href":"https:\/\/bell-edv.de\/de\/wp-json\/wp\/v2\/media?parent=24"}],"curies":[{"name":"wp","href":"https:\/\/api.w.org\/{rel}","templated":true}]}}