{"id":25,"date":"2016-02-12T08:13:22","date_gmt":"2016-02-12T08:13:22","guid":{"rendered":"http:\/\/demos.famethemes.com\/onepress-plus\/?page_id=25"},"modified":"2025-04-12T01:11:45","modified_gmt":"2025-04-11T23:11:45","slug":"service-title-3","status":"publish","type":"page","link":"https:\/\/bell-edv.de\/de\/service-title-3\/","title":{"rendered":"Professionelles IT-Consulting"},"content":{"rendered":"<div class=\"vc_row wpb_row vc_inner vc_row-fluid comp\">\n<div class=\"comp-txt wpb_column vc_column_container vc_col-sm-8\">\n<div class=\"vc_column-inner\">\n<div class=\"wpb_wrapper\">\n<div class=\"wpb_text_column wpb_content_element \">\n<div class=\"wpb_wrapper\">\n<h3>Hochwertige Unterst\u00fctzung durch IT-Expertise<\/h3>\n<p>Sie w\u00fcnschen sich einen Ansprechpartner, der sich mit IT auskennt und Sie als Experte unterst\u00fctzen kann? Dann sind Sie bei mir genau richtig: Sprechen Sie mich an, wenn Sie <strong>Fragen zu Ihren IT-Ger\u00e4ten<\/strong>\u00a0haben, eine\u00a0<strong>individuelle Beratung<\/strong>\u00a0zu allgemeinen IT-Themen ben\u00f6tigen oder sogar auf der Suche nach einer\u00a0<strong>passgenauen Schulung<\/strong>\u00a0sind. Wir haben daf\u00fcr einige standardisierte Dienstleistungen im Angebot, die vielleicht zu Ihren Bed\u00fcrfnissen, W\u00fcnschen oder Anspr\u00fcchen passen. Falls nicht, bieten wir Ihnen aber auch flexible und individuell definierbare\u00a0<strong>IT-Unterst\u00fctzung<\/strong> an.\u00a0<\/p>\n<p><strong>Bell IT \/ EDV Consulting<\/strong> ist Ihr IT-Consultant und zuverl\u00e4ssiger Partner, wenn es um allgemeine oder individuelle <strong>IT-Unterst\u00fctzung<\/strong> geht. Ich biete Ihnen eine individuelle Beratung und Unterst\u00fctzung zu allgemeinen IT-Themen, die auf Ihre Bed\u00fcrfnisse, W\u00fcnsche oder Anspr\u00fcche zugeschnitten sind. Meinen Ziel ist es, Ihnen eine <strong>ma\u00dfgeschneiderte L\u00f6sung<\/strong> zu bieten, die Ihnen dabei hilft, Ihre IT-Ger\u00e4te optimal zu nutzen und IT-Probleme von vornherein m\u00f6glichst zu verhindern. Wenn Sie Fragen zu Ihren IT-Ger\u00e4ten und Ihrer IT-Infrastruktur haben oder eine individuelle Beratung ben\u00f6tigen, sprechen Sie mich einfach an. Ich helfen Ihnen gern weiter!<\/p>\n<\/div>\n<\/div>\n<\/div>\n<\/div>\n<\/div>\n<\/div>\n\n\n<h3 class=\"wp-block-heading\">Ganzheitlich gedachte IT-Betreuung<\/h3>\n\n\n\n<p>Unabh\u00e4ngig davon, ob konkrete Hardwareprobleme oder Softwarefehler vorliegen oder Sie proaktiv nach Unterst\u00fctzung suchen: Sie k\u00f6nnen sich auf unsere Expertise verlassen. Unser Ziel ist es, Ihnen eine umfassende und passgenaue IT-Betreuung anzubieten, die Ihren individuellen Anforderungen gerecht wird. Egal ob Sie Unterst\u00fctzung bei der Wartung Ihrer Ger\u00e4te ben\u00f6tigen, Hilfe bei der Fehlerbehebung oder Beratung zu den vielf\u00e4ltigen M\u00f6glichkeiten unserer IT-Betreuung w\u00fcnschen \u2013 ich bin f\u00fcr Sie da. Ich berate Sie gern zu den vielf\u00e4ltigen M\u00f6glichkeiten meiner IT-Betreuung.<\/p>\n\n\n\n<p>Bei <strong>Bell IT \/ EDV Consulting<\/strong> wei\u00df Ich die Bedeutung einer reibungslos funktionierenden IT. Daher biete Ich Ihnen nicht nur eine schnelle und zuverl\u00e4ssige Fehlerbehebung an, sondern auch eine umfassende Beratung zur Verbesserung der Leistung und Sicherheit Ihrer Systeme. Kontaktieren Sie mir noch heute und lassen Sie sich von mir bei der IT-Betreuung unterst\u00fctzen. Ich freue mich darauf, Ihnen zu helfen und Sie nicht nur einmalig, sondern langfristig zu unterst\u00fctzen!<\/p>\n\n\n\n<a href=\"\/index.php#services\">Zur\u00fcck zu Meine Leistungen im \u00dcberblick:<\/a>\n","protected":false},"excerpt":{"rendered":"<p>Bei Bell IT \/ EDV Consulting kenn ich die Bedeutung einer reibungslos funktionierenden IT. Daher biete ich Ihnen nicht nur eine schnelle und zuverl\u00e4ssige Fehlerbehebung an, sondern auch eine umfassende Beratung zur Verbesserung der Leistung und Sicherheit Ihrer Systeme. Kontaktieren Sie mich noch heute und lassen Sie sich von ein Experte bei der IT-Betreuung unterst\u00fctzen. Ich freue mich darauf, Ihnen zu helfen und Sie nicht nur einmalig, sondern langfristig zu unterst\u00fctzen!<\/p>\n","protected":false},"author":1,"featured_media":0,"parent":0,"menu_order":0,"comment_status":"closed","ping_status":"closed","template":"","meta":{"pgc_sgb_lightbox_settings":"","footnotes":""},"class_list":["post-25","page","type-page","status-publish","hentry"],"_links":{"self":[{"href":"https:\/\/bell-edv.de\/de\/wp-json\/wp\/v2\/pages\/25","targetHints":{"allow":["GET"]}}],"collection":[{"href":"https:\/\/bell-edv.de\/de\/wp-json\/wp\/v2\/pages"}],"about":[{"href":"https:\/\/bell-edv.de\/de\/wp-json\/wp\/v2\/types\/page"}],"author":[{"embeddable":true,"href":"https:\/\/bell-edv.de\/de\/wp-json\/wp\/v2\/users\/1"}],"replies":[{"embeddable":true,"href":"https:\/\/bell-edv.de\/de\/wp-json\/wp\/v2\/comments?post=25"}],"version-history":[{"count":0,"href":"https:\/\/bell-edv.de\/de\/wp-json\/wp\/v2\/pages\/25\/revisions"}],"wp:attachment":[{"href":"https:\/\/bell-edv.de\/de\/wp-json\/wp\/v2\/media?parent=25"}],"curies":[{"name":"wp","href":"https:\/\/api.w.org\/{rel}","templated":true}]}}