{"id":1587,"date":"2025-04-08T14:51:08","date_gmt":"2025-04-08T12:51:08","guid":{"rendered":"https:\/\/bell-edv.ddns.net\/?page_id=1587"},"modified":"2026-03-04T09:18:52","modified_gmt":"2026-03-04T08:18:52","slug":"drohnendienstleistungen","status":"publish","type":"page","link":"https:\/\/bell-edv.de\/en\/drohnendienstleistungen\/","title":{"rendered":"Drone services"},"content":{"rendered":"\n<h2 class=\"wp-block-heading\">Luftbilder<\/h2>\n\n\n\n<h3 class=\"wp-block-heading\">Atemberaubende Luftaufnahmen mit Kameradrohnen<\/h3>\n\n\n\n<p>Das Highlight jeder visuellen Dokumentation sind beeindruckende&nbsp;Luftaufnahmen. Was fr\u00fcher nur mit dem Helikopter und dann nur aus gro\u00dfer Entfernung m\u00f6glich war, ist heute mit&nbsp;Kameradrohnen wesentlich flexibler und aus deutlich geringerer H\u00f6he m\u00f6glich. Sei es die Dokumentation von Stil und Design in der&nbsp;Architektur, die Lage und der Eindruck von&nbsp;<strong>Immobilienprojekten&nbsp;<\/strong>oder der&nbsp;<strong>Baufortschritt&nbsp;<\/strong>von langj\u00e4hrigen Infrastruktur-Projekten, meinen&nbsp;<strong>Luftbilder&nbsp;<\/strong>werden Ihr Projekt bereichern.<\/p>\n\n\n\n<figure class=\"wp-block-image size-large\"><img loading=\"lazy\" decoding=\"async\" width=\"1024\" height=\"768\" src=\"https:\/\/bell-edv.de\/wp-content\/uploads\/2025\/04\/IMG_2915-1024x768.jpg\" alt=\"\" class=\"wp-image-2603\" srcset=\"https:\/\/bell-edv.de\/wp-content\/uploads\/2025\/04\/IMG_2915-1024x768.jpg 1024w, https:\/\/bell-edv.de\/wp-content\/uploads\/2025\/04\/IMG_2915-300x225.jpg 300w, https:\/\/bell-edv.de\/wp-content\/uploads\/2025\/04\/IMG_2915-768x576.jpg 768w, https:\/\/bell-edv.de\/wp-content\/uploads\/2025\/04\/IMG_2915-1536x1152.jpg 1536w, https:\/\/bell-edv.de\/wp-content\/uploads\/2025\/04\/IMG_2915-16x12.jpg 16w, https:\/\/bell-edv.de\/wp-content\/uploads\/2025\/04\/IMG_2915.jpg 1600w\" sizes=\"auto, (max-width: 1024px) 100vw, 1024px\" \/><\/figure>\n\n\n\n<h3 class=\"wp-block-heading\">Hochaufl\u00f6sende Drohnenfotografie f\u00fcr einzigartige Perspektiven<\/h3>\n\n\n\n<p>Ich bieten Ihnen professionelle Luftbildaufnahmen aus atemberaubenden Perspektiven. Landschaften, St\u00e4dte, Geb\u00e4ude und sogar Events k\u00f6nnen mit unseren Drohnen besonders in Szene gesetzt werden. Der flexible Einsatz erm\u00f6glicht Aufnahmen \u00fcber Wasser oder Land, im Innen- oder Au\u00dfenbereich. Durch die Ver\u00e4nderung des Blickwinkels entstehen faszinierende Bilder und au\u00dfergew\u00f6hnliche Eindr\u00fccke, die Gewohntes neu entdecken lassen. Mit wenig Zeitaufwand realisieren wir hochaufl\u00f6sende Aufnahmen aus der Vogelperspektive.Tauchen Sie ein in die virtuelle Realit\u00e4t Ihres Objekts. Gehen Sie auf Entdeckertour und bestimmen Sie selbst Ihre Blickwinkel aus schwindelerregenden H\u00f6hen. Ohne Risiken und Nebenwirkungen. Mit Zufriedenheitsgarantie.<\/p>\n\n\n\n<figure class=\"wp-block-image size-large\"><img loading=\"lazy\" decoding=\"async\" width=\"1024\" height=\"768\" src=\"https:\/\/bell-edv.de\/wp-content\/uploads\/2025\/04\/PTSC_0567-1024x768.jpg\" alt=\"\" class=\"wp-image-2878\" srcset=\"https:\/\/bell-edv.de\/wp-content\/uploads\/2025\/04\/PTSC_0567-1024x768.jpg 1024w, https:\/\/bell-edv.de\/wp-content\/uploads\/2025\/04\/PTSC_0567-300x225.jpg 300w, https:\/\/bell-edv.de\/wp-content\/uploads\/2025\/04\/PTSC_0567-768x576.jpg 768w, https:\/\/bell-edv.de\/wp-content\/uploads\/2025\/04\/PTSC_0567-1536x1152.jpg 1536w, https:\/\/bell-edv.de\/wp-content\/uploads\/2025\/04\/PTSC_0567-2048x1536.jpg 2048w, https:\/\/bell-edv.de\/wp-content\/uploads\/2025\/04\/PTSC_0567-16x12.jpg 16w\" sizes=\"auto, (max-width: 1024px) 100vw, 1024px\" \/><\/figure>\n\n\n\n<h2 class=\"wp-block-heading\">Filmdrohne<\/h2>\n\n\n\n<h3 class=\"wp-block-heading\">Luftaufnahmen mit Kameradrohnen f\u00fcr Film &amp; Fernsehen \u2013 Dynamik aus der Luft<\/h3>\n\n\n\n<p>In der modernen Film- und TV-Produktion sind spektakul\u00e4re Kamerafahrten unverzichtbar. Mit unserer Spezialisierung auf&nbsp;<strong>Luftaufnahmen&nbsp;<\/strong>er\u00f6ffnen ich v\u00f6llig neue Perspektiven \u2013&nbsp;<strong>dynamisch, nah und immersiv<\/strong>. Ob atemberaubende Verfolgungsjagden, komplexe Kamerafahrten oder beeindruckende Totalen \u2013&nbsp;<strong>Drohnen ersetzen heute Kran, Schiene, Steady-Cam und sogar den Helikopter<\/strong>.<\/p>\n\n\n\n<p>Hochwertig atemberaubende Luftaufnahmen in&nbsp;<strong>4K<\/strong>. Die perfekte Alternative zum Helikopter und erm\u00f6glichen&nbsp;ruhige, cinematische Kamerafahrten aus der Vogelperspektive&nbsp;\u2013 ideal f\u00fcr&nbsp;<strong>epische Landschaftsaufnahmen, establishing shots und dynamische Verfolgungsszenen<\/strong>. Dank&nbsp;<strong>pr\u00e4ziser Gimbal-Stabilisierung <\/strong>&nbsp;sind gestochen scharfe Bilder mit filmischem Look garantiert. Ob f\u00fcr Dokumentationen, Facebook order Instagram \u2013 Ich liefern die h\u00f6chste Qualit\u00e4t f\u00fcr die gro\u00dfe Leinwand.<\/p>\n\n\n\n<figure class=\"wp-block-embed is-type-video is-provider-youtube wp-block-embed-youtube wp-embed-aspect-16-9 wp-has-aspect-ratio\"><div class=\"wp-block-embed__wrapper\">\n<iframe loading=\"lazy\" title=\"Potensic Atom 2\" width=\"800\" height=\"450\" src=\"https:\/\/www.youtube.com\/embed\/tu4li5OGbTE?feature=oembed\" frameborder=\"0\" allow=\"accelerometer; autoplay; clipboard-write; encrypted-media; gyroscope; picture-in-picture; web-share\" referrerpolicy=\"strict-origin-when-cross-origin\" allowfullscreen><\/iframe>    \n<\/div><\/figure>\n\n\n\n<h2 class=\"wp-block-heading\">Social-Media-Content-Produktion<\/h2>\n\n\n\n<p>Optimieren Sie Ihre Social Media-Pr\u00e4senz mit unserer professionellen Produktionsunterst\u00fctzung. Fachwissen und Technologie vereint.<\/p>\n\n\n\n<figure class=\"wp-block-embed is-type-video is-provider-youtube wp-block-embed-youtube wp-embed-aspect-16-9 wp-has-aspect-ratio\"><div class=\"wp-block-embed__wrapper\">\n<iframe loading=\"lazy\" title=\"Social-Media-Content-Produktion\" width=\"800\" height=\"450\" src=\"https:\/\/www.youtube.com\/embed\/u_UkxQAxTLI?feature=oembed\" frameborder=\"0\" allow=\"accelerometer; autoplay; clipboard-write; encrypted-media; gyroscope; picture-in-picture; web-share\" referrerpolicy=\"strict-origin-when-cross-origin\" allowfullscreen><\/iframe>    \n<\/div><\/figure>\n\n\n\n<p>Was w\u00e4re, wenn Ihre Social-Media-Posts mehr bewirken k\u00f6nnten?<br>Diese Leistungen bieten Ich um Ihren Content professioneller darzustellen Ein Video mit Luftaufnahmen vermittelt einen starken ersten Eindruck und weckt die Lust auf mehr. Interessenten gewinnen einen gro\u00dfartigen \u00dcberblick \u2013 auf eindrucksvolle Weise werden Lage, Umgebung und nahegelegene Attraktionen gezeigt. <\/p>\n\n\n\n<p>Als Ihr Partner in der Produktion visueller Inhalte verstehe ich die Herausforderungen, denen sich Social-Media-Manager t\u00e4glich stellen. Unsere \u201eVisuellen Content-L\u00f6sungen f\u00fcr Social Media\u201c sind darauf ausgerichtet, Sie mit dem n\u00f6tigen Know-how und technischen Equipment zu unterst\u00fctzen.<\/p>\n\n\n\n<h2 class=\"wp-block-heading\">Events aus der Luft\u200b<\/h2>\n\n\n\n<figure class=\"wp-block-embed is-type-video is-provider-youtube wp-block-embed-youtube wp-embed-aspect-16-9 wp-has-aspect-ratio\"><div class=\"wp-block-embed__wrapper\">\n<iframe loading=\"lazy\" title=\"Tag der Pflege 2025 Stiftung Mittelfr\u00e4nkisches Blindenheim -Seniorenpflegeeinrichtung- N\u00fcrnberg\" width=\"800\" height=\"600\" src=\"https:\/\/www.youtube.com\/embed\/TIMbCoo6bfM?feature=oembed\" frameborder=\"0\" allow=\"accelerometer; autoplay; clipboard-write; encrypted-media; gyroscope; picture-in-picture; web-share\" referrerpolicy=\"strict-origin-when-cross-origin\" allowfullscreen><\/iframe>    \n<\/div><\/figure>\n\n\n\n<p>Events, Firmenfeiern, Familienfeiern, usw. profitieren von Drohnenaufnahmen und schaffen sowohl Emotionen als auch Dynamik und sorgen f\u00fcr unvergessliche Aufnahmen.<\/p>\n\n\n\n<p>Hochzeiten sind emotionale Momente, die f\u00fcr immer festgehalten werden sollen. Die Videos und Fotos von Drohnenfl\u00fcgen erm\u00f6glichen es, den Hochzeitstag aus einer einzigartigen Perspektive zu erfassen und besondere Momente eindrucksvoll einzufangen. Dabei sorgt ein erfahrener Drohnenpilot daf\u00fcr, dass alle wichtigen Details und Stimmungen professionell eingefangen werden.<\/p>\n\n\n\n<h2 class=\"wp-block-heading\">Ihr Hochzeitsfilm f\u00fcr unvergessliche Momente<\/h2>\n\n\n\n<p>Sie haben mit Liebe und viel Planung einen Ort f\u00fcr Ihren sch\u00f6nsten Tag im Leben ausgew\u00e4hlt \u2013 mit einer Drohne schaffen Ich f\u00fcr Sie einen Hochzeitsfilm, der die gesamte Umgebung und Ihre Location erfasst. Bei einem Videodreh mit einer Drohne entsteht neben dem Video (in der Regel zwei Minuten L\u00e4nge) weiteres Bildmaterial wie z. B. Portraits, Aufnahmen der Umgebung und Gruppenfotos aus Vogelperspektive, die ich in meine Bildbearbeitung mit aufnehmen k\u00f6nnen und die Sie zusammen mit den Hochzeitsfotos erhalten.<\/p>\n\n\n\n<p>Drohnenvideos sind weit mehr als einfache Hochzeitsvideos. Aktivit\u00e4ten oder Ihre Zeremonie im Freien dokumentieren wir immer diskret aus luftiger H\u00f6he, damit Sie keine st\u00f6renden Ger\u00e4usche h\u00f6ren.<br>Mit au\u00dfergew\u00f6hnlichen Perspektiven erzeugen unsere professionellen Kameram\u00e4nner Eindr\u00fccke und Emotionen, die Sie sonst nur von der Kinoleinwand kennen. Mit einem professionellen Schnitt entstehen aufregende Perspektivenwechsel. Das ganze kombinieren ich mit einer passenden Ton- und Musikauswahl in h\u00f6chster Qualit\u00e4t. So erz\u00e4hlen wir in k\u00fcrzester Zeit Ihre Hochzeitsgeschichte.<\/p>\n\n\n\n<h2 class=\"wp-block-heading\">Versicherungen<\/h2>\n\n\n\n<p>Nutzen Sie die Flexibilit\u00e4t von Drohnen zur risikoarmen Begutachtung schwer zug\u00e4nglicher Stellen nach Sturm-, Brand-, und Hochwassersch\u00e4den oder im Rahmen der Beweissicherung an Geb\u00e4uden und Stra\u00dfenz\u00fcgen.<\/p>\n\n\n<div class=\"pgc-sgb-cb wp-block-pgcsimplygalleryblock-slider \" data-gallery-id=\"cfe06141\"style=&quot;min-height:400px&quot;><div class=\"sgb-preloader\" id=\"pr_cfe06141\">\n\t<div class=\"sgb-square\" style=\"background:#d4d4d4\"><\/div>\n\t<div class=\"sgb-square\" style=\"background:#d4d4d4\"><\/div>\n\t<div class=\"sgb-square\" style=\"background:#d4d4d4\"><\/div>\n\t<div class=\"sgb-square\" style=\"background:#d4d4d4\"><\/div><\/div><div class=\"simply-gallery-amp pgc_sgb_slider \"><noscript><div class=\"sgb-gallery\"><div class=\"sgb-item\"><a href=\"https:\/\/bell-edv.de\/drohnendienstleistungen\/ptsc_3115-3\/\" target=\"_blank\"><img decoding=\"async\" alt=\"\" width=\"161\" height=\"300\" loading=\"lazy\" src=\"https:\/\/bell-edv.de\/wp-content\/uploads\/2025\/04\/PTSC_3115-1-161x300.jpg\" srcset=\"https:\/\/bell-edv.de\/wp-content\/uploads\/2025\/04\/PTSC_3115-1-161x300.jpg 161w,https:\/\/bell-edv.de\/wp-content\/uploads\/2025\/04\/PTSC_3115-1-549x1024.jpg 549w,https:\/\/bell-edv.de\/wp-content\/uploads\/2025\/04\/PTSC_3115-1.jpg 1200w\" sizes=\"auto, 250px\"\/><\/a><\/div><div class=\"sgb-item\"><a href=\"https:\/\/bell-edv.de\/drohnendienstleistungen\/ptsc_3116\/\" target=\"_blank\"><img decoding=\"async\" alt=\"\" width=\"161\" height=\"300\" loading=\"lazy\" src=\"https:\/\/bell-edv.de\/wp-content\/uploads\/2025\/04\/PTSC_3116-1-161x300.jpg\" srcset=\"https:\/\/bell-edv.de\/wp-content\/uploads\/2025\/04\/PTSC_3116-1-161x300.jpg 161w,https:\/\/bell-edv.de\/wp-content\/uploads\/2025\/04\/PTSC_3116-1-549x1024.jpg 549w,https:\/\/bell-edv.de\/wp-content\/uploads\/2025\/04\/PTSC_3116-1.jpg 1200w\" sizes=\"auto, 250px\"\/><\/a><\/div><\/div><\/noscript><\/div><script type=\"application\/json\" class=\"sgb-data\">{\"collectionThumbRecomendedWidth\":100,\"externalLink\":false,\"captions\":false,\"collectionThumbSubMenuDownload\":false,\"collectionThumbSubMenuShare\":false,\"sliderAdminWidth\":840,\"sliderThumbsNavi\":false,\"galleryType\":\"pgc_sgb_slider\",\"galleryId\":\"cfe06141\",\"images\":[{\"id\":2604,\"title\":\"PTSC_3115\",\"url\":\"https:\/\/bell-edv.de\/wp-content\/uploads\/2025\/04\/PTSC_3115-1.jpg\",\"link\":\"https:\/\/bell-edv.de\/drohnendienstleistungen\/ptsc_3115-3\/\",\"alt\":\"\",\"description\":\"\",\"caption\":\"\",\"mime\":\"image\/jpeg\",\"type\":\"image\",\"width\":1200,\"height\":2238,\"sizes\":{\"thumbnail\":{\"height\":150,\"width\":150,\"url\":\"https:\/\/bell-edv.de\/wp-content\/uploads\/2025\/04\/PTSC_3115-1-150x150.jpg\",\"orientation\":\"landscape\"},\"medium\":{\"height\":300,\"width\":161,\"url\":\"https:\/\/bell-edv.de\/wp-content\/uploads\/2025\/04\/PTSC_3115-1-161x300.jpg\",\"orientation\":\"portrait\"},\"large\":{\"height\":1024,\"width\":549,\"url\":\"https:\/\/bell-edv.de\/wp-content\/uploads\/2025\/04\/PTSC_3115-1-549x1024.jpg\",\"orientation\":\"portrait\"},\"full\":{\"url\":\"https:\/\/bell-edv.de\/wp-content\/uploads\/2025\/04\/PTSC_3115-1.jpg\",\"height\":2238,\"width\":1200,\"orientation\":\"portrait\"}},\"imageMeta\":{\"aperture\":\"0\",\"credit\":\"\",\"camera\":\"\",\"caption\":\"\",\"created_timestamp\":\"0\",\"copyright\":\"\",\"focal_length\":\"0\",\"iso\":\"0\",\"shutter_speed\":\"0\",\"title\":\"\",\"orientation\":\"0\",\"keywords\":[]},\"meta\":false,\"postlink\":\"https:\/\/bell-edv.de\/drohnendienstleistungen\/ptsc_3115-3\/\"},{\"id\":2605,\"title\":\"PTSC_3116\",\"url\":\"https:\/\/bell-edv.de\/wp-content\/uploads\/2025\/04\/PTSC_3116-1.jpg\",\"link\":\"https:\/\/bell-edv.de\/drohnendienstleistungen\/ptsc_3116\/\",\"alt\":\"\",\"description\":\"\",\"caption\":\"\",\"mime\":\"image\/jpeg\",\"type\":\"image\",\"width\":1200,\"height\":2238,\"sizes\":{\"thumbnail\":{\"height\":150,\"width\":150,\"url\":\"https:\/\/bell-edv.de\/wp-content\/uploads\/2025\/04\/PTSC_3116-1-150x150.jpg\",\"orientation\":\"landscape\"},\"medium\":{\"height\":300,\"width\":161,\"url\":\"https:\/\/bell-edv.de\/wp-content\/uploads\/2025\/04\/PTSC_3116-1-161x300.jpg\",\"orientation\":\"portrait\"},\"large\":{\"height\":1024,\"width\":549,\"url\":\"https:\/\/bell-edv.de\/wp-content\/uploads\/2025\/04\/PTSC_3116-1-549x1024.jpg\",\"orientation\":\"portrait\"},\"full\":{\"url\":\"https:\/\/bell-edv.de\/wp-content\/uploads\/2025\/04\/PTSC_3116-1.jpg\",\"height\":2238,\"width\":1200,\"orientation\":\"portrait\"}},\"imageMeta\":{\"aperture\":\"0\",\"credit\":\"\",\"camera\":\"\",\"caption\":\"\",\"created_timestamp\":\"0\",\"copyright\":\"\",\"focal_length\":\"0\",\"iso\":\"0\",\"shutter_speed\":\"0\",\"title\":\"\",\"orientation\":\"0\",\"keywords\":[]},\"meta\":false,\"postlink\":\"https:\/\/bell-edv.de\/drohnendienstleistungen\/ptsc_3116\/\"}],\"modalIconColor\":\"rgba(15,15,15,1)\",\"shareFacebook\":false,\"shareTwitter\":false,\"sharePinterest\":false,\"sliderItemDownload\":false,\"shareCopyLink\":false,\"sliderSocialShareEnabled\":false,\"TrpContentRestriction\":{\"restriction_type\":\"exclude\",\"selected_languages\":[],\"panel_open\":true},\"itemsMetaDataCollection\":[]}<\/script><script>(function(){if(window.PGC_SGB && window.PGC_SGB.searcher){window.PGC_SGB.searcher.initBlocks()}})()<\/script><\/div>\n\n\n<p>Viele weiteren Dienstleistungen sind auf Anfrage selbstverst\u00e4ndlich m\u00f6glich! Vor jeder T\u00e4tigkeit erstelle ich generell eine grobe Kostenabsch\u00e4tzung, damit Sie im Vorfeld wissen, welcher Betrag am Ende in etwa f\u00e4llig sein wird.<br>Ich freue mich auf Ihre Anfrage!<\/p>\n\n\n\n<h2 class=\"wp-block-heading\" id=\"w-node-fa15d441-6fba-ee30-6819-04796c9fe573-fa86bfe7\">Was immer z\u00e4hlt<\/h2>\n\n\n\n<h3 class=\"wp-block-heading\" id=\"w-node-_5a00e4a9-6a26-7522-8db1-65ccad2f220d-fa86bfe7\">Sicherheit und Nachhaltigkeit stehen an erster Stelle<\/h3>\n\n\n\n<p id=\"w-node-_5a00e4a9-6a26-7522-8db1-65ccad2f220f-fa86bfe7\">Ich lege gro\u00dfen Wert auf&nbsp;<strong>Sicherheit und Umweltschutz<\/strong>. Meine Drohne wird regelm\u00e4\u00dfig gewartet und erf\u00fcllen die neuesten Sicherheitsstandards. Zudem respektiere ich die&nbsp;<strong>Privatsph\u00e4re und gesetzlichen Vorgaben<\/strong>, in dem wir ausschlie\u00dflich in genehmigten Bereichen operieren.<\/p>\n\n\n\n<h3 class=\"wp-block-heading\" id=\"w-node-_5a00e4a9-6a26-7522-8db1-65ccad2f21cd-fa86bfe7\">Zertifizierte Drohnenpilote f\u00fcr maximale Sicherheit und Qualit\u00e4t<\/h3>\n\n\n\n<figure class=\"wp-block-image size-full is-resized\"><img loading=\"lazy\" decoding=\"async\" width=\"932\" height=\"237\" src=\"https:\/\/bell-edv.de\/wp-content\/uploads\/2025\/04\/EAER-Banner-2.png\" alt=\"\" class=\"wp-image-2267\" style=\"width:auto;height:110px\" srcset=\"https:\/\/bell-edv.de\/wp-content\/uploads\/2025\/04\/EAER-Banner-2.png 932w, https:\/\/bell-edv.de\/wp-content\/uploads\/2025\/04\/EAER-Banner-2-300x76.png 300w, https:\/\/bell-edv.de\/wp-content\/uploads\/2025\/04\/EAER-Banner-2-768x195.png 768w, https:\/\/bell-edv.de\/wp-content\/uploads\/2025\/04\/EAER-Banner-2-18x5.png 18w, https:\/\/bell-edv.de\/wp-content\/uploads\/2025\/04\/EAER-Banner-2-20x5.png 20w\" sizes=\"auto, (max-width: 932px) 100vw, 932px\" \/><\/figure>\n\n\n\n<p id=\"w-node-_5a00e4a9-6a26-7522-8db1-65ccad2f21cf-fa86bfe7\">Als erfahrenen und zertifizierten Drohnenpilote sorge ich daf\u00fcr, dass jede Aufnahme&nbsp;<strong>rechtssicher und professionell<\/strong>&nbsp;umgesetzt wird. <br>Mit den entsprechenden beh\u00f6rdlichen Genehmigungen und umfassender Flugerfahrung sind selbst urbane Einsatzorte f\u00fcr uns realisierbar.<br>Ob <strong>N\u00fcrnberg , F\u00fcrth , oder Erlangen <\/strong>&nbsp;\n \u2013 wir setzen Ihr Projekt professionell, sicher und regelkonform aus der Luft um.<br><br>Das Ergebnis:&nbsp;<strong>einzigartige Motive in h\u00f6chster Qualit\u00e4t<\/strong>, perfekt geeignet f\u00fcr&nbsp;<strong>Immobilienpr\u00e4sentationen, Events, Bauprojekte, Social-Media-Content<\/strong>, <strong>Hochzeitsvideos<\/strong>. <strong>Aktivit\u00e4ten <\/strong>oder Ihre <strong>Zeremonie <\/strong>im Freien<\/p>\n\n\n\n<h3 class=\"wp-block-heading\" id=\"w-node-_5a00e4a9-6a26-7522-8db1-65ccad2f2231-fa86bfe7\">Lassen Sie Ihre Vision Wirklichkeit werden!<\/h3>\n\n\n\n<a href=\"\/kontakt-luftaufnahmen\" class=\"hero1button\">Jetzt anfragen!<\/a>\n\n\n\n\n<p><\/p>\n\n\n<p><a href=\"\/index.php#services\">Zur\u00fcck zu Meine Leistungen im \u00dcberblick:<\/a><\/p>\n\n","protected":false},"excerpt":{"rendered":"<p>Aerial Photographs Breathtaking Aerial Photography with Camera Drones The highlight of any visual documentation is impressive aerial photography. What was once only possible with helicopters and then only from a great distance is now much easier with camera drones...<\/p>","protected":false},"author":1,"featured_media":0,"parent":0,"menu_order":0,"comment_status":"closed","ping_status":"closed","template":"","meta":{"pgc_sgb_lightbox_settings":"","footnotes":""},"class_list":["post-1587","page","type-page","status-publish","hentry"],"_links":{"self":[{"href":"https:\/\/bell-edv.de\/en\/wp-json\/wp\/v2\/pages\/1587","targetHints":{"allow":["GET"]}}],"collection":[{"href":"https:\/\/bell-edv.de\/en\/wp-json\/wp\/v2\/pages"}],"about":[{"href":"https:\/\/bell-edv.de\/en\/wp-json\/wp\/v2\/types\/page"}],"author":[{"embeddable":true,"href":"https:\/\/bell-edv.de\/en\/wp-json\/wp\/v2\/users\/1"}],"replies":[{"embeddable":true,"href":"https:\/\/bell-edv.de\/en\/wp-json\/wp\/v2\/comments?post=1587"}],"version-history":[{"count":0,"href":"https:\/\/bell-edv.de\/en\/wp-json\/wp\/v2\/pages\/1587\/revisions"}],"wp:attachment":[{"href":"https:\/\/bell-edv.de\/en\/wp-json\/wp\/v2\/media?parent=1587"}],"curies":[{"name":"wp","href":"https:\/\/api.w.org\/{rel}","templated":true}]}}