{"id":2950,"date":"2025-05-02T06:26:32","date_gmt":"2025-05-02T04:26:32","guid":{"rendered":"https:\/\/bell-edv.de\/?page_id=2950"},"modified":"2025-05-02T11:11:01","modified_gmt":"2025-05-02T09:11:01","slug":"einwilligungserklaerung-zu-foto-und-filmaufnahmen","status":"publish","type":"page","link":"https:\/\/bell-edv.de\/en\/einwilligungserklaerung-zu-foto-und-filmaufnahmen\/","title":{"rendered":"Declaration of consent to photo and film recordings"},"content":{"rendered":"\n<p>Ich willige ein, dass die von mir angefertigten Aufnahmen (Bildnisse) im Rahmen der unten genannten Veranstaltung in unver\u00e4nderter oder ver\u00e4nderter Form durch die Bell IT \/ EDV Consulting ohne jede Beschr\u00e4nkung des sachlichen, r\u00e4umlichen oder zeitlichen Verwendungsbereiches und f\u00fcr alle in Betracht kommenden Nutzungszwecke vervielf\u00e4ltigt, verbreitet, ausgestellt und \u00f6ffentlich wiedergegeben werden.<\/p>\n\n\n\n<ul class=\"wp-block-list\">\n<li>Die \u00dcbertragung der Nutzungsrechte erstreckt sich auf alle derzeit bekannten Nutzungsarten und umfasst auch die Vervielf\u00e4ltigung, Verbreitung, Digitalisierung, Ausstellung, Vorf\u00fchrung, Sendung, \u00f6ffentliche Zug\u00e4nglichmachung und \u00f6ffentliche Wiedergabe durch Bild-\/ Ton-\/ Datentr\u00e4ger.<\/li>\n\n\n\n<li>Die Bildnisse d\u00fcrfen sowohl digital als auch analog in allen daf\u00fcr geeigneten Medien (beispielsweise Online-\/ Printnutzung jeglicher Art, Videogramme, interaktiv und multimedial, TV) genutzt werden.<\/li>\n\n\n\n<li>Ich verzichte auf Namensnennung, willige aber ein, dass mein Name bei Verwendung der Aufnahmen genannt werden darf.<br>\u2022 Mir ist bekannt, dass ich f\u00fcr die Ver\u00f6ffentlichung kein Entgelt erhalte.<\/li>\n\n\n\n<li>Ich kann meine Einwilligung \u00fcber die Ver\u00f6ffentlichung und Verwendung von Fotos und Videos mit mir jederzeit f\u00fcr die Zukunft widerrufen. Fotos\/Videos, f\u00fcr die eine Einwilligung vorliegt bzw. zum Ver\u00f6ffentlichungszeitpunkt vorgelegen hat, d\u00fcrfen weiterhin verf\u00fcgbar bleiben. Der Widerruf der Einwilligung gilt lediglich ab dem Zeitpunkt des Widerrufs.<\/li>\n<\/ul>\n\n\n\n<p><br><strong>Verantwortliche Stellen:<\/strong><br>Stephen J. Bell<br>E-Mail: <!--CTX!--><span rel=\"7c312530bb313d31af3121318a3130319d312231b0312a30bc312231c8311330ad312931\" class=\"cryptex \" style=\"\"><span class=\"CryptexImg ctxYOZXJvPsj4ExqlZik6YwkUOM7IZb45JRMoX7HGJoXdg\"><\/span><span class=\"divider\" style=\"\">{at}<\/span><span class=\"CryptexImg ctxe5mpXCFk79fQo-LVxaKGGVpIUCUAo51n6oyfvRawJzg\"><\/span><span class=\"divider\" style=\"\">.<\/span><span class=\"CryptexImg ctx_2gPqMi_J8SKI1k5V300xbjKjaueiarLXdk4hgL2imE\"><\/span><\/span><!--\/CTX!--><\/p>\n\n\n\n<p><strong>Zweck der Verarbeitung:<\/strong><br>Die Fotos und\/oder Videos dienen ausschlie\u00dflich der internen Berichterstattung und \u00d6ffentlichkeitsarbeit der Bell IT \/ EDV Consulting.<br><strong>Rechtsgrundlage der Verarbeitung:<\/strong><br>Die Verarbeitung von Fotos und\/oder Videos an Dritte erfolgt aufgrund ausdr\u00fccklicher Einwilligung des\/der Betroffenen, mithin gem\u00e4\u00df Art. 6 Abs. 1 Buchstabe a DSGVO.<br>Kategorien von Empf\u00e4ngern der personenbezogenen Daten:<br>Die Fotos und\/oder Videos werden von der Bell IT \/ EDV Consulting zu Zwecken der internen Berichterstattung und \u00d6ffentlichkeitsarbeit verwendet. Die Bilder und Filme werden ggf. in Print- und Onlinemedien sowie sozialen Netzwerken (z.B. YouTube) ver\u00f6ffentlicht.<br>Dauer der Speicherung der personenbezogenen Daten:<br>Fotos- und\/oder Videos, welche f\u00fcr die Zwecke der \u00d6ffentlichkeitsarbeit der Bell IT \/ EDV Consulting gemacht werden, werden vorbehaltlich eines Widerrufs der Einwilligung des\/der Betroffenen auf unbestimmte Zeit zweckgebunden gespeichert.<\/p>\n\n\n\n<p><strong>Betroffenenrechte:<\/strong><br>Sie k\u00f6nnen das Recht auf Auskunft, L\u00f6schung, Berichtigung, Widerspruch, Einschr\u00e4nkung der Verarbeitung sowie das Recht auf Daten\u00fcbertragbarkeit wahrnehmen, sofern die entsprechenden Voraussetzungen der DSGVO zutreffen. Weiterhin besteht ein Beschwerderecht bei einer Datenschutzaufsichtsbeh\u00f6rde.<\/p>\n\n\n\n<p>F\u00fcr diese Vereinbarung und Freigabeerkl\u00e4rung gilt deutsches Recht.<\/p>\n\n\n\n<style id=\"wpforms-css-vars-2946\">\n\t\t\t\t#wpforms-2946 {\n\t\t\t\t--wpforms-container-padding: 0px;\n--wpforms-container-border-width: 1px;\n--wpforms-container-border-radius: 3px;\n--wpforms-background-color: rgba(0, 0, 0, 0);\n--wpforms-field-size-input-height: 43px;\n--wpforms-field-size-input-spacing: 15px;\n--wpforms-field-size-font-size: 16px;\n--wpforms-field-size-line-height: 19px;\n--wpforms-field-size-padding-h: 14px;\n--wpforms-field-size-checkbox-size: 16px;\n--wpforms-field-size-sublabel-spacing: 5px;\n--wpforms-field-size-icon-size: 1;\n--wpforms-label-size-font-size: 16px;\n--wpforms-label-size-line-height: 19px;\n--wpforms-label-size-sublabel-font-size: 14px;\n--wpforms-label-size-sublabel-line-height: 17px;\n--wpforms-button-size-font-size: 17px;\n--wpforms-button-size-height: 41px;\n--wpforms-button-size-padding-h: 15px;\n--wpforms-button-size-margin-top: 10px;\n--wpforms-container-shadow-size-box-shadow: none;\n\t\t\t}\n\t\t\t<\/style><div class=\"wpforms-container wpforms-container-full wpforms-render-modern\" id=\"wpforms-2946\"><form id=\"wpforms-form-2946\" class=\"wpforms-validate wpforms-form wpforms-ajax-form\" data-formid=\"2946\" method=\"post\" enctype=\"multipart\/form-data\" action=\"\/en\/wp-json\/wp\/v2\/pages\/2950\" data-token=\"37bf684c10f7a60fb5d8ad699960f643\" data-token-time=\"1778073496\"><noscript class=\"wpforms-error-noscript\">Please enable JavaScript in your browser to complete this form.<\/noscript><div id=\"wpforms-error-noscript\" style=\"display: none;\">Please enable JavaScript in your browser to complete this form.<\/div><div class=\"wpforms-field-container\"><div id=\"wpforms-2946-field_13-container\" class=\"wpforms-field wpforms-field-text wpforms-one-third wpforms-first\" data-field-id=\"13\"><label class=\"wpforms-field-label\" for=\"wpforms-2946-field_13\">Datum<\/label><input type=\"text\" id=\"wpforms-2946-field_13\" class=\"wpforms-field-small wpforms-masked-input\" data-rule-inputmask-incomplete=\"1\" data-inputmask-alias=\"datetime\" data-inputmask-inputformat=\"dd\/mm\/yyyy\" data-inputmask-inputmode=\"numeric\" name=\"wpforms[fields][13]\" value=\"05\/06\/2026\" aria-errormessage=\"wpforms-2946-field_13-error\" ><\/div><div id=\"wpforms-2946-field_8-container\" class=\"wpforms-field wpforms-field-select wpforms-one-half wpforms-first wpforms-field-select-style-modern\" data-field-id=\"8\"><label class=\"wpforms-field-label\" for=\"wpforms-2946-field_8\">Anrede <span class=\"wpforms-required-label\" aria-hidden=\"true\">*<\/span><\/label><select id=\"wpforms-2946-field_8\" class=\"wpforms-field-small wpforms-field-required choicesjs-select\" data-size-class=\"wpforms-field-row wpforms-field-small\" data-search-enabled=\"\" name=\"wpforms[fields][8]\" required=\"required\"><option value=\"\" class=\"placeholder\" disabled  selected='selected'><\/option><option value=\"Herr\"  class=\"choice-2 depth-1\"  >Herr<\/option><option value=\"Frau\"  class=\"choice-3 depth-1\"  >Frau<\/option><option value=\"Divers\"  class=\"choice-4 depth-1\"  >Divers<\/option><option value=\"keine angaben\"  class=\"choice-5 depth-1\"  >keine angaben<\/option><\/select><\/div><div id=\"wpforms-2946-field_0-container\" class=\"wpforms-field wpforms-field-name wpforms-one-half wpforms-first\" data-field-id=\"0\"><fieldset><legend class=\"wpforms-field-label\">Name <span class=\"wpforms-required-label\" aria-hidden=\"true\">*<\/span><\/legend><div class=\"wpforms-field-row wpforms-field-large\"><div class=\"wpforms-field-row-block wpforms-first wpforms-one-half\"><input type=\"text\" id=\"wpforms-2946-field_0\" class=\"wpforms-field-name-first wpforms-field-required\" name=\"wpforms[fields][0][first]\" placeholder=\"Vorname\" aria-errormessage=\"wpforms-2946-field_0-error\" required><label for=\"wpforms-2946-field_0\" class=\"wpforms-field-sublabel after wpforms-sublabel-hide\">First<\/label><\/div><div class=\"wpforms-field-row-block wpforms-one-half\"><input type=\"text\" id=\"wpforms-2946-field_0-last\" class=\"wpforms-field-name-last wpforms-field-required\" name=\"wpforms[fields][0][last]\" placeholder=\"Nachname\" aria-errormessage=\"wpforms-2946-field_0-last-error\" required><label for=\"wpforms-2946-field_0-last\" class=\"wpforms-field-sublabel after wpforms-sublabel-hide\">Last<\/label><\/div><\/div><\/fieldset><\/div><div id=\"wpforms-2946-field_1-container\" class=\"wpforms-field wpforms-field-email\" data-field-id=\"1\"><label class=\"wpforms-field-label\" for=\"wpforms-2946-field_1\">E-Mail <span class=\"wpforms-required-label\" aria-hidden=\"true\">*<\/span><\/label><input type=\"email\" id=\"wpforms-2946-field_1\" class=\"wpforms-field-small wpforms-field-required\" name=\"wpforms[fields][1]\" spellcheck=\"false\" aria-errormessage=\"wpforms-2946-field_1-error\" required><\/div>\t\t<div id=\"wpforms-2946-field_2-container\"\n\t\t\tclass=\"wpforms-field wpforms-field-text\"\n\t\t\tdata-field-type=\"text\"\n\t\t\tdata-field-id=\"2\"\n\t\t\t>\n\t\t\t<label class=\"wpforms-field-label\" for=\"wpforms-2946-field_2\" >Telefonenummer Datum E-Mail<\/label>\n\t\t\t<input type=\"text\" id=\"wpforms-2946-field_2\" class=\"wpforms-field-medium\" name=\"wpforms[fields][2]\" >\n\t\t<\/div>\n\t\t<div id=\"wpforms-2946-field_10-container\" class=\"wpforms-field wpforms-field-number\" data-field-id=\"10\"><label class=\"wpforms-field-label\" for=\"wpforms-2946-field_10\">Telefonenummer<\/label><input type=\"number\" id=\"wpforms-2946-field_10\" class=\"wpforms-field-small\" name=\"wpforms[fields][10]\" step=\"any\" aria-errormessage=\"wpforms-2946-field_10-error\" ><\/div><div id=\"wpforms-2946-field_12-container\" class=\"wpforms-field wpforms-field-gdpr-checkbox\" data-field-id=\"12\"><label class=\"wpforms-field-label\">Einwilligung <span class=\"wpforms-required-label\" aria-hidden=\"true\">*<\/span><\/label><ul id=\"wpforms-2946-field_12\" class=\"wpforms-field-required\"><li class=\"choice-1\"><input type=\"checkbox\" id=\"wpforms-2946-field_12_1\" name=\"wpforms[fields][12][]\" value=\"Ich stimme der Ver\u00f6ffentlichungen gem\u00e4\u00df obiger Einwilligungserkl\u00e4rung zu Foto- und Filmaufnahmen und der &lt;a href=&quot;https:\/\/bell-edv.de\/de\/datenschutzerklarung\/&quot;&gt;Datenschutzerkl\u00e4rung&lt;\/a&gt; zu.\" aria-errormessage=\"wpforms-2946-field_12_1-error\" required ><label class=\"wpforms-field-label-inline\" for=\"wpforms-2946-field_12_1\">Ich stimme der Ver\u00f6ffentlichungen gem\u00e4\u00df obiger Einwilligungserkl\u00e4rung zu Foto- und Filmaufnahmen und der <a href=\"https:\/\/bell-edv.de\/de\/datenschutzerklarung\/\">Datenschutzerkl\u00e4rung<\/a> zu.<\/label><\/li><\/ul><\/div><script>\n\t\t\t\t( function() {\n\t\t\t\t\tconst style = document.createElement( 'style' );\n\t\t\t\t\tstyle.appendChild( document.createTextNode( '#wpforms-2946-field_2-container { position: absolute !important; overflow: hidden !important; display: inline !important; height: 1px !important; width: 1px !important; z-index: -1000 !important; padding: 0 !important; } #wpforms-2946-field_2-container input { visibility: hidden; } #wpforms-conversational-form-page #wpforms-2946-field_2-container label { counter-increment: none; }' ) );\n\t\t\t\t\tdocument.head.appendChild( style );\n\t\t\t\t\tdocument.currentScript?.remove();\n\t\t\t\t} )();\n\t\t\t<\/script><\/div><!-- .wpforms-field-container --><div class=\"wpforms-recaptcha-container wpforms-is-recaptcha wpforms-is-recaptcha-type-v3\" ><input type=\"hidden\" name=\"wpforms[recaptcha]\" value=\"\"><\/div><div class=\"wpforms-submit-container\" ><input type=\"hidden\" name=\"wpforms[id]\" value=\"2946\"><input type=\"hidden\" name=\"page_title\" value=\"\"><input type=\"hidden\" name=\"page_url\" value=\"https:\/\/bell-edv.de\/en\/wp-json\/wp\/v2\/pages\/2950\"><input type=\"hidden\" name=\"url_referer\" value=\"\"><button type=\"submit\" name=\"wpforms[submit]\" id=\"wpforms-submit-2946\" class=\"wpforms-submit classsendbutton\" data-alt-text=\"wird versendet...\" data-submit-text=\"Senden\" aria-live=\"assertive\" value=\"wpforms-submit\">Senden<\/button><img loading=\"lazy\" decoding=\"async\" src=\"https:\/\/bell-edv.de\/wp-content\/plugins\/wpforms-lite\/assets\/images\/submit-spin.svg\" class=\"wpforms-submit-spinner\" style=\"display: none;\" width=\"26\" height=\"26\" alt=\"Loading\"><\/div><\/form><\/div>  <!-- .wpforms-container -->\n","protected":false},"excerpt":{"rendered":"<p>I consent to the use of photographs (portraits) taken of me during the event mentioned below, in unaltered or modified form, by Bell IT \/ EDV Consulting without any\u2026<\/p>","protected":false},"author":1,"featured_media":0,"parent":0,"menu_order":0,"comment_status":"closed","ping_status":"closed","template":"","meta":{"pgc_sgb_lightbox_settings":"","footnotes":""},"class_list":["post-2950","page","type-page","status-publish","hentry"],"_links":{"self":[{"href":"https:\/\/bell-edv.de\/en\/wp-json\/wp\/v2\/pages\/2950","targetHints":{"allow":["GET"]}}],"collection":[{"href":"https:\/\/bell-edv.de\/en\/wp-json\/wp\/v2\/pages"}],"about":[{"href":"https:\/\/bell-edv.de\/en\/wp-json\/wp\/v2\/types\/page"}],"author":[{"embeddable":true,"href":"https:\/\/bell-edv.de\/en\/wp-json\/wp\/v2\/users\/1"}],"replies":[{"embeddable":true,"href":"https:\/\/bell-edv.de\/en\/wp-json\/wp\/v2\/comments?post=2950"}],"version-history":[{"count":0,"href":"https:\/\/bell-edv.de\/en\/wp-json\/wp\/v2\/pages\/2950\/revisions"}],"wp:attachment":[{"href":"https:\/\/bell-edv.de\/en\/wp-json\/wp\/v2\/media?parent=2950"}],"curies":[{"name":"wp","href":"https:\/\/api.w.org\/{rel}","templated":true}]}}